{"id":21947,"date":"2024-10-20T19:08:47","date_gmt":"2024-10-20T19:08:47","guid":{"rendered":"https:\/\/www.metallis.hr\/gradevinske-konstrukcije-za-hale\/"},"modified":"2024-10-24T07:11:20","modified_gmt":"2024-10-24T07:11:20","slug":"gradevinske-konstrukcije-za-hale","status":"publish","type":"page","link":"https:\/\/www.metallis.hr\/de\/gradevinske-konstrukcije-za-hale\/","title":{"rendered":"Baukonstruktionen f\u00fcr Hallen"},"content":{"rendered":"<p>[et_pb_section fb_built=&#8220;1&#8243; _builder_version=&#8220;4.27.0&#8243; _module_preset=&#8220;default&#8220; use_background_color_gradient=&#8220;on&#8220; background_color_gradient_direction=&#8220;45deg&#8220; background_color_gradient_stops=&#8220;rgba(0,0,0,0.6) 0%|rgba(0,0,0,0.6) 100%&#8220; background_color_gradient_overlays_image=&#8220;on&#8220; background_image=&#8220;https:\/\/www.metallis.hr\/wp-content\/uploads\/2024\/08\/metallis-slider-3.webp&#8220; global_colors_info=&#8220;{}&#8220;][et_pb_row _builder_version=&#8220;4.17.3&#8243; _module_preset=&#8220;default&#8220; custom_padding=&#8220;||0px||false|false&#8220; global_colors_info=&#8220;{}&#8220;][et_pb_column type=&#8220;4_4&#8243; _builder_version=&#8220;4.17.3&#8243; _module_preset=&#8220;default&#8220; global_colors_info=&#8220;{}&#8220;][et_pb_text _builder_version=&#8220;4.27.0&#8243; _module_preset=&#8220;default&#8220; text_font=&#8220;|700||on|||||&#8220; text_text_color=&#8220;gcid-7ce7b00a-a0f7-4559-8af2-0adef5afd391&#8243; text_font_size=&#8220;15px&#8220; custom_margin=&#8220;||2px|2px|false|false&#8220; global_colors_info=&#8220;{%22gcid-7ce7b00a-a0f7-4559-8af2-0adef5afd391%22:%91%22text_text_color%22%93}&#8220;]<\/p>\n<p>Konstruktionen<\/p>\n<p>[\/et_pb_text][et_pb_text _builder_version=&#8220;4.27.0&#8243; _module_preset=&#8220;default&#8220; header_font=&#8220;||||||||&#8220; header_text_color=&#8220;#FFFFFF&#8220; header_font_size=&#8220;60px&#8220; header_2_text_color=&#8220;#FFFFFF&#8220; custom_margin=&#8220;||0px||false|false&#8220; global_colors_info=&#8220;{}&#8220;]<\/p>\n<h1>Baukonstruktionen f\u00fcr Hallen<\/h1>\n<p>[\/et_pb_text][\/et_pb_column][\/et_pb_row][et_pb_row _builder_version=&#8220;4.17.3&#8243; _module_preset=&#8220;default&#8220; custom_padding=&#8220;0px||||false|false&#8220; global_colors_info=&#8220;{}&#8220;][et_pb_column type=&#8220;4_4&#8243; _builder_version=&#8220;4.17.3&#8243; _module_preset=&#8220;default&#8220; global_colors_info=&#8220;{}&#8220;][et_pb_divider color=&#8220;gcid-7ce7b00a-a0f7-4559-8af2-0adef5afd391&#8243; _builder_version=&#8220;4.17.3&#8243; _module_preset=&#8220;default&#8220; height=&#8220;0px&#8220; custom_margin=&#8220;||0px||false|false&#8220; custom_padding=&#8220;||||false|false&#8220; global_colors_info=&#8220;{%22gcid-7ce7b00a-a0f7-4559-8af2-0adef5afd391%22:%91%22border_color_right%22,%22color%22%93}&#8220;][\/et_pb_divider][et_pb_divider show_divider=&#8220;off&#8220; admin_label=&#8220;Point right bottom&#8220; module_class=&#8220;dot-right-bottom sub-page-dot&#8220; _builder_version=&#8220;4.17.3&#8243; _module_preset=&#8220;default&#8220; height=&#8220;25px&#8220; border_width_right=&#8220;1px&#8220; border_color_right=&#8220;gcid-7ce7b00a-a0f7-4559-8af2-0adef5afd391&#8243; global_colors_info=&#8220;{%22gcid-7ce7b00a-a0f7-4559-8af2-0adef5afd391%22:%91%22border_color_right%22%93}&#8220;][\/et_pb_divider][\/et_pb_column][\/et_pb_row][\/et_pb_section][et_pb_section fb_built=&#8220;1&#8243; _builder_version=&#8220;4.17.3&#8243; _module_preset=&#8220;default&#8220; background_image=&#8220;https:\/\/www.metallis.hr\/wp-content\/uploads\/2024\/08\/corner-dots-left-top.png&#8220; background_size=&#8220;initial&#8220; background_position=&#8220;top_left&#8220; global_colors_info=&#8220;{}&#8220;][et_pb_row _builder_version=&#8220;4.17.3&#8243; _module_preset=&#8220;default&#8220; global_colors_info=&#8220;{}&#8220;][et_pb_column type=&#8220;4_4&#8243; _builder_version=&#8220;4.17.3&#8243; _module_preset=&#8220;default&#8220; global_colors_info=&#8220;{}&#8220;][et_pb_text _builder_version=&#8220;4.27.0&#8243; _module_preset=&#8220;default&#8220; text_font=&#8220;|700||on|||||&#8220; text_text_color=&#8220;gcid-7ce7b00a-a0f7-4559-8af2-0adef5afd391&#8243; text_font_size=&#8220;15px&#8220; custom_margin=&#8220;||2px|2px|false|false&#8220; global_colors_info=&#8220;{%22gcid-7ce7b00a-a0f7-4559-8af2-0adef5afd391%22:%91%22text_text_color%22%93}&#8220;]<\/p>\n<p>ZERTIFIZIERTE HERSTELLUNG<\/p>\n<p>[\/et_pb_text][et_pb_text _builder_version=&#8220;4.27.2&#8243; _module_preset=&#8220;default&#8220; hover_enabled=&#8220;0&#8243; global_colors_info=&#8220;{}&#8220; sticky_enabled=&#8220;0&#8243;]<\/p>\n<h2>Bau von Stahlkonstruktionen<\/h2>\n<p>[\/et_pb_text][\/et_pb_column][\/et_pb_row][et_pb_row column_structure=&#8220;2_3,1_3&#8243; _builder_version=&#8220;4.17.3&#8243; _module_preset=&#8220;default&#8220; custom_padding=&#8220;0px||35px||false|false&#8220; global_colors_info=&#8220;{}&#8220;][et_pb_column type=&#8220;2_3&#8243; _builder_version=&#8220;4.17.3&#8243; _module_preset=&#8220;default&#8220; global_colors_info=&#8220;{}&#8220;][et_pb_text _builder_version=&#8220;4.27.0&#8243; _module_preset=&#8220;default&#8220; text_font=&#8220;||||||||&#8220; text_font_size=&#8220;18px&#8220; text_line_height=&#8220;1.8em&#8220; global_colors_info=&#8220;{}&#8220;]<\/p>\n<p>Wir fertigen hochwertige ma\u00dfgeschneiderte Metallbaukonstruktionen f\u00fcr Hallen, Lagerh\u00e4user und Produktionsanlagen. Unsere Stahlkonstruktionen zeichnen sich durch au\u00dfergew\u00f6hnliche Festigkeit, Langlebigkeit und Anpassungsf\u00e4higkeit an verschiedene industrielle Bed\u00fcrfnisse aus. Unabh\u00e4ngig von den Besonderheiten Ihres Projekts bieten wir L\u00f6sungen, die eine sichere und effiziente Nutzung des Raums erm\u00f6glichen.  <\/p>\n<p>Die Konstruktionen sind nach strengen industriellen Standards entworfen, um Stabilit\u00e4t, Wetterbest\u00e4ndigkeit und Flexibilit\u00e4t bei der Organisation von Produktionsprozessen zu gew\u00e4hrleisten.<\/p>\n<p>[\/et_pb_text][\/et_pb_column][et_pb_column type=&#8220;1_3&#8243; module_class=&#8220;single-service-column-2&#8243; _builder_version=&#8220;4.17.3&#8243; _module_preset=&#8220;default&#8220; background_color=&#8220;#f4f4f4&#8243; custom_padding=&#8220;35px|35px|35px|35px|true|true&#8220; sticky_position=&#8220;top&#8220; sticky_offset_top=&#8220;35px&#8220; sticky_limit_bottom=&#8220;row&#8220; sticky_position_tablet=&#8220;none&#8220; sticky_position_phone=&#8220;none&#8220; sticky_position_last_edited=&#8220;on|tablet&#8220; border_radii=&#8220;on|10px|10px|10px|10px&#8220; global_colors_info=&#8220;{}&#8220;][et_pb_text _builder_version=&#8220;4.27.0&#8243; _module_preset=&#8220;default&#8220; text_font=&#8220;|700||on|||||&#8220; text_text_color=&#8220;gcid-7ce7b00a-a0f7-4559-8af2-0adef5afd391&#8243; text_font_size=&#8220;15px&#8220; custom_margin=&#8220;||2px|2px|false|false&#8220; global_colors_info=&#8220;{%22gcid-7ce7b00a-a0f7-4559-8af2-0adef5afd391%22:%91%22text_text_color%22%93}&#8220;]<\/p>\n<p>Lassen Sie uns verbinden<\/p>\n<p>[\/et_pb_text][et_pb_text _builder_version=&#8220;4.27.0&#8243; _module_preset=&#8220;default&#8220; header_3_font_size=&#8220;32px&#8220; custom_margin=&#8220;||15px||false|false&#8220; global_colors_info=&#8220;{}&#8220;]<\/p>\n<h3>Weitere Informationen?<\/h3>\n<p>[\/et_pb_text][et_pb_blurb title=&#8220;Stjepan Petrovi\u0107&#8220; image=&#8220;https:\/\/www.metallis.hr\/wp-content\/uploads\/2024\/08\/Stjepan_portret_288x399.png&#8220; icon_placement=&#8220;left&#8220; image_icon_width=&#8220;65px&#8220; _builder_version=&#8220;4.27.0&#8243; _module_preset=&#8220;default&#8220; body_font=&#8220;|800|||||||&#8220; body_text_color=&#8220;gcid-7ce7b00a-a0f7-4559-8af2-0adef5afd391&#8243; body_font_size=&#8220;24px&#8220; custom_margin=&#8220;||20px||false|false&#8220; animation=&#8220;off&#8220; custom_css_blurb_title=&#8220;padding-top:8px;||padding-bottom:5px;&#8220; global_colors_info=&#8220;{%22gcid-7ce7b00a-a0f7-4559-8af2-0adef5afd391%22:%91%22body_text_color%22%93}&#8220;]<\/p>\n<p>+385 91 284 9031<\/p>\n<p>[\/et_pb_blurb][et_pb_text _builder_version=&#8220;4.27.0&#8243; _module_preset=&#8220;default&#8220; global_colors_info=&#8220;{}&#8220;]<\/p>\n<p>Kontaktieren Sie uns, damit wir ausf\u00fchrlich \u00fcber Ihre Bed\u00fcrfnisse sprechen und die optimale L\u00f6sung f\u00fcr Ihr Projekt anbieten k\u00f6nnen.<\/p>\n<p>[\/et_pb_text][\/et_pb_column][\/et_pb_row][\/et_pb_section][et_pb_section fb_built=&#8220;1&#8243; module_id=&#8220;Herausforderung&#8220; _builder_version=&#8220;4.17.3&#8243; _module_preset=&#8220;default&#8220; custom_padding=&#8220;0px||||false|false&#8220; locked=&#8220;off&#8220; global_colors_info=&#8220;{}&#8220;][et_pb_row column_structure=&#8220;1_3,1_3,1_3&#8243; _builder_version=&#8220;4.17.3&#8243; _module_preset=&#8220;default&#8220; locked=&#8220;off&#8220; global_colors_info=&#8220;{}&#8220;][et_pb_column type=&#8220;1_3&#8243; _builder_version=&#8220;4.17.3&#8243; _module_preset=&#8220;default&#8220; global_colors_info=&#8220;{}&#8220;][et_pb_image src=&#8220;https:\/\/www.metallis.hr\/wp-content\/uploads\/2024\/10\/ALCA-7.webp&#8220; title_text=&#8220;ALCA-7&#8243; _builder_version=&#8220;4.27.0&#8243; _module_preset=&#8220;default&#8220; global_colors_info=&#8220;{}&#8220;][\/et_pb_image][\/et_pb_column][et_pb_column type=&#8220;1_3&#8243; _builder_version=&#8220;4.17.3&#8243; _module_preset=&#8220;default&#8220; global_colors_info=&#8220;{}&#8220;][et_pb_image src=&#8220;https:\/\/www.metallis.hr\/wp-content\/uploads\/2024\/10\/ALCA-6.webp&#8220; title_text=&#8220;ALCA-6&#8243; _builder_version=&#8220;4.27.0&#8243; _module_preset=&#8220;default&#8220; global_colors_info=&#8220;{}&#8220;][\/et_pb_image][\/et_pb_column][et_pb_column type=&#8220;1_3&#8243; _builder_version=&#8220;4.17.3&#8243; _module_preset=&#8220;default&#8220; global_colors_info=&#8220;{}&#8220;][et_pb_image src=&#8220;https:\/\/www.metallis.hr\/wp-content\/uploads\/2024\/10\/ALCA-5.webp&#8220; title_text=&#8220;ALCA-5&#8243; _builder_version=&#8220;4.27.0&#8243; _module_preset=&#8220;default&#8220; locked=&#8220;off&#8220; global_colors_info=&#8220;{}&#8220;][\/et_pb_image][\/et_pb_column][\/et_pb_row][et_pb_row column_structure=&#8220;1_3,1_3,1_3&#8243; _builder_version=&#8220;4.17.3&#8243; _module_preset=&#8220;default&#8220; locked=&#8220;off&#8220; global_colors_info=&#8220;{}&#8220;][et_pb_column type=&#8220;1_3&#8243; _builder_version=&#8220;4.17.3&#8243; _module_preset=&#8220;default&#8220; global_colors_info=&#8220;{}&#8220;][et_pb_image src=&#8220;https:\/\/www.metallis.hr\/wp-content\/uploads\/2024\/10\/ALCA-4.webp&#8220; title_text=&#8220;ALCA-4&#8243; _builder_version=&#8220;4.27.0&#8243; _module_preset=&#8220;default&#8220; global_colors_info=&#8220;{}&#8220;][\/et_pb_image][\/et_pb_column][et_pb_column type=&#8220;1_3&#8243; _builder_version=&#8220;4.17.3&#8243; _module_preset=&#8220;default&#8220; global_colors_info=&#8220;{}&#8220;][et_pb_image src=&#8220;https:\/\/www.metallis.hr\/wp-content\/uploads\/2024\/10\/ALCA-3.webp&#8220; title_text=&#8220;ALCA-3&#8243; _builder_version=&#8220;4.27.0&#8243; _module_preset=&#8220;default&#8220; global_colors_info=&#8220;{}&#8220;][\/et_pb_image][\/et_pb_column][et_pb_column type=&#8220;1_3&#8243; _builder_version=&#8220;4.17.3&#8243; _module_preset=&#8220;default&#8220; global_colors_info=&#8220;{}&#8220;][et_pb_image src=&#8220;https:\/\/www.metallis.hr\/wp-content\/uploads\/2024\/10\/ALCA-2.webp&#8220; title_text=&#8220;ALCA-2&#8243; _builder_version=&#8220;4.27.0&#8243; _module_preset=&#8220;default&#8220; locked=&#8220;off&#8220; global_colors_info=&#8220;{}&#8220;][\/et_pb_image][\/et_pb_column][\/et_pb_row][et_pb_row column_structure=&#8220;1_3,1_3,1_3&#8243; _builder_version=&#8220;4.17.3&#8243; _module_preset=&#8220;default&#8220; locked=&#8220;off&#8220; global_colors_info=&#8220;{}&#8220;][et_pb_column type=&#8220;1_3&#8243; _builder_version=&#8220;4.17.3&#8243; _module_preset=&#8220;default&#8220; global_colors_info=&#8220;{}&#8220;][et_pb_image src=&#8220;https:\/\/www.metallis.hr\/wp-content\/uploads\/2024\/10\/DC-NORTH-1.webp&#8220; title_text=&#8220;DC-NORTH-1&#8243; _builder_version=&#8220;4.27.0&#8243; _module_preset=&#8220;default&#8220; global_colors_info=&#8220;{}&#8220;][\/et_pb_image][\/et_pb_column][et_pb_column type=&#8220;1_3&#8243; _builder_version=&#8220;4.17.3&#8243; _module_preset=&#8220;default&#8220; global_colors_info=&#8220;{}&#8220;][et_pb_image src=&#8220;https:\/\/www.metallis.hr\/wp-content\/uploads\/2024\/10\/DC-NORTH-2.webp&#8220; title_text=&#8220;DC-NORTH-2&#8243; _builder_version=&#8220;4.27.0&#8243; _module_preset=&#8220;default&#8220; global_colors_info=&#8220;{}&#8220;][\/et_pb_image][\/et_pb_column][et_pb_column type=&#8220;1_3&#8243; _builder_version=&#8220;4.17.3&#8243; _module_preset=&#8220;default&#8220; global_colors_info=&#8220;{}&#8220;][et_pb_image src=&#8220;https:\/\/www.metallis.hr\/wp-content\/uploads\/2024\/10\/DC-NORTH-3.webp&#8220; title_text=&#8220;DC-NORTH-3&#8243; _builder_version=&#8220;4.27.0&#8243; _module_preset=&#8220;default&#8220; locked=&#8220;off&#8220; global_colors_info=&#8220;{}&#8220;][\/et_pb_image][\/et_pb_column][\/et_pb_row][\/et_pb_section][et_pb_section fb_built=&#8220;1&#8243; disabled_on=&#8220;off|off|off&#8220; _builder_version=&#8220;4.17.3&#8243; _module_preset=&#8220;default&#8220; background_color=&#8220;gcid-b9977658-4716-4f1b-8f0f-15b61fc8dfd9&#8243; background_image=&#8220;https:\/\/www.metallis.hr\/wp-content\/uploads\/2024\/08\/corner-dots-left-top-light.png&#8220; background_size=&#8220;initial&#8220; background_position=&#8220;top_left&#8220; border_width_left=&#8220;10px&#8220; border_color_left=&#8220;gcid-7ce7b00a-a0f7-4559-8af2-0adef5afd391&#8243; global_module=&#8220;21129&#8243; saved_tabs=&#8220;all&#8220; locked=&#8220;off&#8220; global_colors_info=&#8220;{%22gcid-b9977658-4716-4f1b-8f0f-15b61fc8dfd9%22:%91%22background_color%22%93,%22gcid-7ce7b00a-a0f7-4559-8af2-0adef5afd391%22:%91%22border_color_left%22%93}&#8220;][et_pb_row _builder_version=&#8220;4.17.3&#8243; _module_preset=&#8220;default&#8220; global_colors_info=&#8220;{}&#8220;][et_pb_column type=&#8220;4_4&#8243; _builder_version=&#8220;4.17.3&#8243; _module_preset=&#8220;default&#8220; global_colors_info=&#8220;{}&#8220;][et_pb_text _builder_version=&#8220;4.27.0&#8243; _module_preset=&#8220;default&#8220; text_font=&#8220;|700||on|||||&#8220; text_text_color=&#8220;gcid-7ce7b00a-a0f7-4559-8af2-0adef5afd391&#8243; text_font_size=&#8220;15px&#8220; text_orientation=&#8220;center&#8220; custom_margin=&#8220;||2px|2px|false|false&#8220; global_colors_info=&#8220;{%22gcid-7ce7b00a-a0f7-4559-8af2-0adef5afd391%22:%91%22text_text_color%22%93}&#8220;]<\/p>\n<p>LASSEN SIE UNS VERBINDEN<\/p>\n<p>[\/et_pb_text][et_pb_text _builder_version=&#8220;4.27.0&#8243; _module_preset=&#8220;default&#8220; header_2_text_align=&#8220;center&#8220; header_2_text_color=&#8220;#FFFFFF&#8220; custom_margin=&#8220;||5px||false|false&#8220; global_colors_info=&#8220;{}&#8220;]<\/p>\n<h2>Haben Sie Fragen?<\/h2>\n<p>[\/et_pb_text][et_pb_text _builder_version=&#8220;4.27.0&#8243; _module_preset=&#8220;default&#8220; text_font=&#8220;|300|||||||&#8220; text_text_color=&#8220;rgba(255,255,255,0.6)&#8220; text_font_size=&#8220;16px&#8220; text_line_height=&#8220;1.6em&#8220; text_orientation=&#8220;center&#8220; width=&#8220;50%&#8220; width_tablet=&#8220;100%&#8220; width_phone=&#8220;&#8220; width_last_edited=&#8220;on|tablet&#8220; module_alignment=&#8220;center&#8220; global_colors_info=&#8220;{}&#8220;]<\/p>\n<p><span>Kontaktieren Sie uns, damit wir ausf\u00fchrlich \u00fcber Ihre Bed\u00fcrfnisse sprechen und die optimale L\u00f6sung f\u00fcr Ihr Projekt anbieten k\u00f6nnen. Unser Expertenteam steht Ihnen f\u00fcr Beratungen, technische Ratschl\u00e4ge und die Vereinbarung aller Details zur Verf\u00fcgung.  <\/span><\/p>\n<p>[\/et_pb_text][et_pb_button button_url=&#8220;mailto:%20info@metallis.hr&#8220; url_new_window=&#8220;on&#8220; button_text=&#8220;Kontaktieren Sie uns&#8220; button_alignment=&#8220;center&#8220; _builder_version=&#8220;4.27.0&#8243; _module_preset=&#8220;default&#8220; custom_button=&#8220;on&#8220; button_text_size=&#8220;16px&#8220; button_text_color=&#8220;#FFFFFF&#8220; button_bg_color=&#8220;gcid-7ce7b00a-a0f7-4559-8af2-0adef5afd391&#8243; button_border_width=&#8220;0px&#8220; button_font=&#8220;|600|||||||&#8220; button_use_icon=&#8220;off&#8220; global_colors_info=&#8220;{%22gcid-2eb85268-1f51-4f24-a4be-13bed7ca8ff6%22:%91%22button_bg_color__hover%22%93,%22gcid-7ce7b00a-a0f7-4559-8af2-0adef5afd391%22:%91%22button_bg_color%22%93}&#8220; button_bg_color__hover_enabled=&#8220;on|desktop&#8220; button_bg_color__hover=&#8220;#c65108&#8243; button_bg_enable_color__hover=&#8220;on&#8220;][\/et_pb_button][\/et_pb_column][\/et_pb_row][\/et_pb_section]<\/p>\n","protected":false},"excerpt":{"rendered":"<p>KonstruktionenBaukonstruktionen f\u00fcr HallenZERTIFIZIERTE HERSTELLUNGBau von StahlkonstruktionenWir fertigen hochwertige ma\u00dfgeschneiderte Metallbaukonstruktionen f\u00fcr Hallen, Lagerh\u00e4user und Produktionsanlagen. Unsere Stahlkonstruktionen zeichnen sich durch au\u00dfergew\u00f6hnliche Festigkeit, Langlebigkeit und Anpassungsf\u00e4higkeit an verschiedene industrielle Bed\u00fcrfnisse aus. Unabh\u00e4ngig von den Besonderheiten Ihres Projekts bieten wir L\u00f6sungen, die eine sichere und effiziente Nutzung des Raums erm\u00f6glichen. Die Konstruktionen sind nach strengen industriellen Standards [&hellip;]<\/p>\n","protected":false},"author":2,"featured_media":0,"parent":0,"menu_order":0,"comment_status":"closed","ping_status":"closed","template":"","meta":{"_et_pb_use_builder":"on","_et_pb_old_content":"","_et_gb_content_width":"","footnotes":""},"class_list":["post-21947","page","type-page","status-publish","hentry"],"_links":{"self":[{"href":"https:\/\/www.metallis.hr\/de\/wp-json\/wp\/v2\/pages\/21947","targetHints":{"allow":["GET"]}}],"collection":[{"href":"https:\/\/www.metallis.hr\/de\/wp-json\/wp\/v2\/pages"}],"about":[{"href":"https:\/\/www.metallis.hr\/de\/wp-json\/wp\/v2\/types\/page"}],"author":[{"embeddable":true,"href":"https:\/\/www.metallis.hr\/de\/wp-json\/wp\/v2\/users\/2"}],"replies":[{"embeddable":true,"href":"https:\/\/www.metallis.hr\/de\/wp-json\/wp\/v2\/comments?post=21947"}],"version-history":[{"count":3,"href":"https:\/\/www.metallis.hr\/de\/wp-json\/wp\/v2\/pages\/21947\/revisions"}],"predecessor-version":[{"id":21952,"href":"https:\/\/www.metallis.hr\/de\/wp-json\/wp\/v2\/pages\/21947\/revisions\/21952"}],"wp:attachment":[{"href":"https:\/\/www.metallis.hr\/de\/wp-json\/wp\/v2\/media?parent=21947"}],"curies":[{"name":"wp","href":"https:\/\/api.w.org\/{rel}","templated":true}]}}