{"id":21968,"date":"2024-10-21T11:36:07","date_gmt":"2024-10-21T11:36:07","guid":{"rendered":"https:\/\/www.metallis.hr\/izjava-o-privatnosti\/"},"modified":"2024-10-24T11:51:55","modified_gmt":"2024-10-24T11:51:55","slug":"izjava-o-privatnosti","status":"publish","type":"page","link":"https:\/\/www.metallis.hr\/de\/izjava-o-privatnosti\/","title":{"rendered":"Datenschutzerkl\u00e4rung"},"content":{"rendered":"<p>[et_pb_section fb_built=&#8220;1&#8243; _builder_version=&#8220;4.27.0&#8243; _module_preset=&#8220;default&#8220; use_background_color_gradient=&#8220;on&#8220; background_color_gradient_direction=&#8220;45deg&#8220; background_color_gradient_stops=&#8220;rgba(0,0,0,0.6) 0%|rgba(0,0,0,0.6) 100%&#8220; background_color_gradient_overlays_image=&#8220;on&#8220; background_image=&#8220;https:\/\/www.metallis.hr\/wp-content\/uploads\/2024\/08\/metallis-slider-1.webp&#8220; global_colors_info=&#8220;{}&#8220;][et_pb_row _builder_version=&#8220;4.17.3&#8243; _module_preset=&#8220;default&#8220; custom_padding=&#8220;||0px||false|false&#8220; global_colors_info=&#8220;{}&#8220;][et_pb_column type=&#8220;4_4&#8243; _builder_version=&#8220;4.17.3&#8243; _module_preset=&#8220;default&#8220; global_colors_info=&#8220;{}&#8220;][et_pb_text _builder_version=&#8220;4.27.2&#8243; _module_preset=&#8220;default&#8220; header_font=&#8220;||||||||&#8220; header_text_color=&#8220;#FFFFFF&#8220; header_font_size=&#8220;60px&#8220; header_2_text_color=&#8220;#FFFFFF&#8220; custom_margin=&#8220;||0px||false|false&#8220; hover_enabled=&#8220;0&#8243; global_colors_info=&#8220;{}&#8220; sticky_enabled=&#8220;0&#8243;]<\/p>\n<h1>Datenschutzerkl\u00e4rung<\/h1>\n<p>[\/et_pb_text][\/et_pb_column][\/et_pb_row][et_pb_row _builder_version=&#8220;4.17.3&#8243; _module_preset=&#8220;default&#8220; custom_padding=&#8220;0px||||false|false&#8220; global_colors_info=&#8220;{}&#8220;][et_pb_column type=&#8220;4_4&#8243; _builder_version=&#8220;4.17.3&#8243; _module_preset=&#8220;default&#8220; global_colors_info=&#8220;{}&#8220;][et_pb_divider color=&#8220;gcid-7ce7b00a-a0f7-4559-8af2-0adef5afd391&#8243; _builder_version=&#8220;4.17.3&#8243; _module_preset=&#8220;default&#8220; height=&#8220;0px&#8220; custom_margin=&#8220;||0px||false|false&#8220; custom_padding=&#8220;||||false|false&#8220; global_colors_info=&#8220;{%22gcid-7ce7b00a-a0f7-4559-8af2-0adef5afd391%22:%91%22border_color_right%22,%22color%22%93}&#8220;][\/et_pb_divider][et_pb_divider show_divider=&#8220;off&#8220; admin_label=&#8220;Point right bottom&#8220; module_class=&#8220;dot-right-bottom sub-page-dot&#8220; _builder_version=&#8220;4.17.3&#8243; _module_preset=&#8220;default&#8220; height=&#8220;25px&#8220; border_width_right=&#8220;1px&#8220; border_color_right=&#8220;gcid-7ce7b00a-a0f7-4559-8af2-0adef5afd391&#8243; global_colors_info=&#8220;{%22gcid-7ce7b00a-a0f7-4559-8af2-0adef5afd391%22:%91%22border_color_right%22%93}&#8220;][\/et_pb_divider][\/et_pb_column][\/et_pb_row][\/et_pb_section][et_pb_section fb_built=&#8220;1&#8243; _builder_version=&#8220;4.17.3&#8243; _module_preset=&#8220;default&#8220; background_image=&#8220;https:\/\/www.metallis.hr\/wp-content\/uploads\/2024\/08\/corner-dots-right-top.png&#8220; background_size=&#8220;initial&#8220; background_position=&#8220;top_right&#8220; global_colors_info=&#8220;{}&#8220;][et_pb_row _builder_version=&#8220;4.17.3&#8243; _module_preset=&#8220;default&#8220; global_colors_info=&#8220;{}&#8220;][et_pb_column type=&#8220;4_4&#8243; _builder_version=&#8220;4.17.3&#8243; _module_preset=&#8220;default&#8220; global_colors_info=&#8220;{}&#8220;][et_pb_text _builder_version=&#8220;4.27.2&#8243; _module_preset=&#8220;default&#8220; header_2_text_align=&#8220;center&#8220; hover_enabled=&#8220;0&#8243; global_colors_info=&#8220;{}&#8220; sticky_enabled=&#8220;0&#8243;]<\/p>\n<p><strong>Ihre Privatsph\u00e4re und Sicherheit sind uns wichtig.<\/strong><br \/>Daher erfolgen alle unsere Handlungen im Einklang mit den gesetzlichen Bestimmungen zum Schutz personenbezogener Daten, insbesondere der neuen europ\u00e4ischen Datenschutz-Grundverordnung (EU) 2016\/679, die seit dem 25. Mai 2018 in Kraft ist. Im Folgenden informieren wir Sie dar\u00fcber, zu welchen Zwecken wir Ihre pers\u00f6nlichen Daten erheben und nutzen, wie wir sie verarbeiten und welche Verfahren Ihnen zur Verf\u00fcgung stehen, um Ihre Rechte zu \u00fcberwachen und wahrzunehmen. <\/p>\n<p>&nbsp;<\/p>\n<p><strong>Wie erfassen wir Ihre pers\u00f6nlichen Daten?<\/strong><br \/>Pers\u00f6nliche Daten sind Informationen, die Sie identifizieren k\u00f6nnen, wie z. B. Name, Adresse, Lieferadresse, Telefonnummer, E-Mail-Adresse, Bankkontonummer. Metallis.hr verarbeitet Ihre pers\u00f6nlichen Daten unter anderem in folgenden F\u00e4llen: \u2022 Wenn Sie uns direkt kontaktieren, z. B. \u00fcber die Webseite metallis.hr, um Informationen \u00fcber die Dienstleistungen von metallis.hr anzufordern \u2022 Wenn Sie direkt bei uns eine Dienstleistung oder ein Produkt bestellen und\/oder kaufen \u2022 Wenn Sie das Kontaktformular auf unserer Website f\u00fcr Anfragen ausf\u00fcllen Wenn Sie uns Daten im Namen einer anderen Person \u00fcbermitteln, m\u00fcssen Sie sicherstellen, dass diese Person mit diesen Datenschutzrichtlinien vertraut ist, bevor Sie dies tun. Sollten Sie unter 16 Jahre alt sein, bitten wir Sie, uns keine Informationen ohne die Zustimmung eines Elternteils oder Erziehungsberechtigten zu \u00fcbermitteln. Helfen Sie uns, Ihre Daten aktuell zu halten, indem Sie uns \u00fcber \u00c4nderungen Ihrer Kontaktdaten oder Pr\u00e4ferenzen informieren.  <\/p>\n<p>&nbsp;<\/p>\n<p><strong>Wie werden Ihre Daten verwendet?<\/strong><br \/>Ihre pers\u00f6nlichen Daten werden ausschlie\u00dflich f\u00fcr die Zwecke gesammelt, f\u00fcr die Sie sie ausdr\u00fccklich zur Verf\u00fcgung gestellt haben, um Ihre Anfragen zu erf\u00fcllen, wie zum Beispiel: \u2013 Abschluss und Erf\u00fcllung von Vertr\u00e4gen \u2013 Bearbeitung von Bestellungen \u2013 Lieferung von Produkten oder Dienstleistungen \u2013 Information \u00fcber neue Produkte, Sonderangebote Die Daten werden nur f\u00fcr festgelegte, klare, legitime und erwartete Zwecke verwendet und nicht an Dritte weitergegeben oder f\u00fcr unvorhergesehene oder unerwartete Zwecke verwendet. Metallis.hr erhebt keine Daten \u00fcber das hinaus, was f\u00fcr die Erreichung der genannten Zwecke erforderlich ist.<\/p>\n<p>&nbsp;<\/p>\n<p><strong>Datenverarbeitung<\/strong><br \/>Die Verarbeitung erfolgt gem\u00e4\u00df der Datenschutz-Grundverordnung und den kroatischen Gesetzen und Vorschriften.<br \/>Datenverantwortlicher:<br \/>Stjepan Petrovi\u0107, Selska 32, Novakovec, 40318 Dekanovec, Kroatien<br \/>E-Mail: info@metalis.hr<br \/>Telefon: +385 91 284 9031<br \/>Als Kunde oder Nutzer unserer Dienstleistungen haben Sie das Recht, Informationen \u00fcber den Umgang mit Ihren pers\u00f6nlichen Daten zu erhalten und Anfragen zur Aus\u00fcbung Ihrer Rechte zu stellen.<br \/>F\u00fcr grundlegende Informationen zu unserem Unternehmen oder bei Fragen und Anliegen zur Aus\u00fcbung Ihrer Rechte in Bezug auf Ihre pers\u00f6nlichen Daten, kontaktieren Sie uns bitte telefonisch unter +385 91 284 9031 oder per E-Mail: <a href=\"mailto:info@metalis.hr\">info@metalis.hr.<\/a><\/p>\n<p>&nbsp;<\/p>\n<p><strong>Wie lange bewahren wir Ihre Daten auf?<\/strong><br \/>Personenbezogene Daten werden nur so lange gespeichert und verarbeitet, wie es zur Erf\u00fcllung eines bestimmten legitimen Zwecks erforderlich ist, es sei denn, es ist gesetzlich f\u00fcr einen bestimmten Zweck eine l\u00e4ngere Aufbewahrungsfrist vorgesehen. Im Falle der Einwilligung zu Marketing und Newsletter werden die Daten so lange aufbewahrt, bis die Einwilligung widerrufen wird. Wenn Sie die L\u00f6schung anfordern, werden diese umgehend gel\u00f6scht.<br \/>Personenbezogene Daten, die nicht mehr ben\u00f6tigt werden, werden sicher vernichtet.  <\/p>\n<p>&nbsp;<\/p>\n<p><strong>Wie wir die Sicherheit Ihrer Daten gew\u00e4hrleisten?<\/strong><br \/>Wir ergreifen kontinuierlich angemessene organisatorische, technische und administrative Sicherheitsma\u00dfnahmen, um die unter unserer Kontrolle stehenden personenbezogenen Daten vor allen vorhersehbaren Risiken zu sch\u00fctzen. Die Sicherheit Ihrer Daten ist uns sehr wichtig. <\/p>\n<p>&nbsp;<\/p>\n<p><strong>Ihre Rechte im Zusammenhang mit dem Schutz personenbezogener Daten<\/strong><\/p>\n<p>Ihre Rechte in Bezug auf die Verarbeitung Ihrer personenbezogenen Daten sind folgende:<\/p>\n<p><em><strong>Recht auf Zugang<\/strong><\/em><br \/>Sie haben das Recht, von uns die Best\u00e4tigung zu erhalten, ob personenbezogene Daten, die Sie betreffen, verarbeitet werden, und, falls dies der Fall ist, Zugang zu den personenbezogenen Daten sowie zu folgenden Informationen zu erhalten: Zweck der Verarbeitung, Kategorien der betreffenden personenbezogenen Daten, Empf\u00e4nger oder Kategorien von Empf\u00e4ngern der personenbezogenen Daten, Zeitraum, in dem die personenbezogenen Daten gespeichert werden, Informationen \u00fcber Ihre Rechte und die Quellen der Daten, sofern diese nicht bei Ihnen erhoben wurden.<br \/>Wenn Ihre Daten au\u00dferhalb der EU \u00fcbertragen und verarbeitet werden, haben Sie das Recht auf Informationen \u00fcber die entsprechenden Schutzma\u00dfnahmen.<br \/>Sofern m\u00f6glich, k\u00f6nnen Sie eine Kopie der verarbeiteten personenbezogenen Daten erhalten.<\/p>\n<p><em><strong>Recht auf Berichtigung<\/strong><\/em><br \/>Sie haben das Recht, von uns die Berichtigung unrichtiger personenbezogener Daten, die Sie betreffen, zu verlangen, und wir sind verpflichtet, dies ohne unn\u00f6tige Verz\u00f6gerung durchzuf\u00fchren. Unter Ber\u00fccksichtigung der Zwecke der Verarbeitung haben Sie das Recht, unvollst\u00e4ndige personenbezogene Daten zu erg\u00e4nzen, auch durch Abgabe einer zus\u00e4tzlichen Erkl\u00e4rung. <\/p>\n<p><em><strong>Recht auf L\u00f6schung (\u201eRecht auf Vergessenwerden\u201d)<\/strong><\/em><br \/>Sie haben das Recht, von uns die L\u00f6schung personenbezogener Daten, die Sie betreffen, ohne unn\u00f6tige Verz\u00f6gerung zu verlangen, wenn es keinen rechtm\u00e4\u00dfigen Grund f\u00fcr die weitere Verarbeitung dieser Daten unsererseits gibt (zum Beispiel, wenn die Daten f\u00fcr die Zwecke, f\u00fcr die sie verarbeitet wurden, nicht mehr erforderlich sind). Wenn ein solcher rechtm\u00e4\u00dfiger Grund jedoch besteht, werden wir Sie im Rahmen unserer Antwort auf Ihren L\u00f6schungsantrag detailliert informieren. <\/p>\n<p><em><strong>Recht auf Einschr\u00e4nkung der Verarbeitung<\/strong><\/em><br \/>Sie haben das Recht, von uns die Einschr\u00e4nkung der Verarbeitung Ihrer personenbezogenen Daten in den folgenden Situationen zu verlangen: wenn Sie die Richtigkeit bestreiten; wenn die Verarbeitung nicht rechtm\u00e4\u00dfig ist und Sie der L\u00f6schung widersprechen; wenn Sie sie zur Geltendmachung, Aus\u00fcbung oder Verteidigung von Rechtsanspr\u00fcchen ben\u00f6tigen, diese jedoch nicht f\u00fcr die Verarbeitung ben\u00f6tigt werden; wenn Sie Widerspruch gegen die Verarbeitung Ihrer personenbezogenen Daten eingelegt haben und auf die Best\u00e4tigung warten.<\/p>\n<p><em><strong>Recht auf Daten\u00fcbertragbarkeit<\/strong><\/em><br \/>Sie haben das Recht, die Daten, die sich auf Sie beziehen und die Sie uns zur Verf\u00fcgung gestellt haben, in einem strukturierten, allgemein gebr\u00e4uchlichen und maschinenlesbaren Format zu erhalten und diese an einen anderen Dienstleister, d.h. an den Verantwortlichen f\u00fcr die Datenverarbeitung, zu \u00fcbermitteln, wenn die folgenden Bedingungen erf\u00fcllt sind: die Verarbeitung basiert auf Ihrer Einwilligung oder auf einem Vertrag und erfolgt automatisiert.<br \/>Bei der Aus\u00fcbung Ihres Rechts auf Daten\u00fcbertragbarkeit haben Sie das Recht auf eine direkte \u00dcbertragung der Daten von uns an einen anderen Verantwortlichen, sofern dies technisch machbar ist. <\/p>\n<p><em><strong>Recht auf Widerspruch<\/strong><\/em><br \/>Wenn die Verarbeitung Ihrer personenbezogenen Daten auf der Verwirklichung unserer berechtigten Interessen beruht, haben Sie das Recht, jederzeit Widerspruch gegen eine solche Verarbeitung personenbezogener Daten einzulegen, soweit die Verarbeitung Ihre Daten betrifft. Wenn Sie einen solchen Widerspruch einlegen, <br \/>\u2022 in Bezug auf Direktmarketing \u2013 wir werden Ihre personenbezogenen Daten nicht weiter zu Zwecken des Direktmarketings verarbeiten;<br \/>\u2022 in Bezug auf andere F\u00e4lle legitimn\u00edho Interesses \u2013 wir werden Ihre personenbezogenen Daten nicht weiter f\u00fcr den Zweck verarbeiten, auf den sich der Widerspruch bezieht, es sei denn, wir k\u00f6nnen nachweisen, dass \u00fcberzeugende legitime Gr\u00fcnde f\u00fcr die Verarbeitung bestehen, die Ihre Interessen, Rechte und Freiheiten \u00fcberwiegen, oder wenn dies erforderlich ist, um unsere rechtlichen Anspr\u00fcche zu begr\u00fcnden, durchzusetzen oder zu verteidigen<br \/>Wie Sie Ihre Rechte im Zusammenhang mit dem Schutz personenbezogener Daten aus\u00fcben k\u00f6nnen:<br \/>F\u00fcr alle Fragen und Anfragen zu Ihren personenbezogenen Daten kontaktieren Sie uns bitte per E-Mail: info@metalis.hr oder telefonisch: +385 91 284 9031.<br \/>Wir werden Ihre Anfragen und Anforderungen ohne unn\u00f6tige Verz\u00f6gerung und in \u00dcbereinstimmung mit den gesetzlichen Verpflichtungen bearbeiten und Sie \u00fcber die ergriffenen Ma\u00dfnahmen informieren.<br \/>Wenn Sie der Meinung sind, dass metallis.hr Ihre Daten rechtswidrig verarbeitet und Sie dies nicht in Zusammenarbeit mit uns kl\u00e4ren k\u00f6nnen, haben Sie das Recht, Beschwerde bei der Aufsichtsbeh\u00f6rde (Agentur f\u00fcr den Schutz personenbezogener Daten \u2013 AZOP) einzureichen.<\/p>\n<p>&nbsp;<\/p>\n<p><strong>Nicht personenbezogene Daten, die wir sammeln<\/strong><br \/>Um unsere Webseite zu betreiben und deren ordnungsgem\u00e4\u00dfe Funktion zu gew\u00e4hrleisten sowie Ihre Benutzerzufriedenheit zu erh\u00f6hen, verwenden wir Cookies und Webanalysetools, die wir zur Verbesserung der Qualit\u00e4t und des Inhalts der angebotenen Dienstleistungen einsetzen.<br \/>Wir verwenden keine Cookies oder \u00e4hnliche Technologien, um Ihr Interesse zu verfolgen oder Marketingmaterialien zu versenden.<br \/>Detaillierte Informationen zur Verwendung von Cookies auf unserer Website finden Sie auf der benachbarten Registerkarte &#8222;Verwendung von Cookies&#8220; (Link), die Teil dieser Datenschutzerkl\u00e4rung ist.<br \/>F\u00fcr die Verarbeitung dieser Daten zu analytischen Zwecken verwenden wir den Cloud-Dienst Google Analytics. Entsprechend unserem Vertrag mit Google verwendet Google diese Daten nicht f\u00fcr andere Zwecke und handelt ausschlie\u00dflich nach unseren Anweisungen als Auftragsverarbeiter. In \u00dcbereinstimmung mit seiner Mitgliedschaft im sogenannten Privacy Shield-Programm, das die Zusammenarbeit zwischen der Europ\u00e4ischen Union (EU) und den Vereinigten Staaten (USA) regelt, ergreift Google alle notwendigen Ma\u00dfnahmen zum Datenschutz.<br \/>Der Dienstanbieter ist: Google LLC, 1600 Amphitheatre Pkwy, Mountain View, California 94043, USA.<br \/>Weitere Informationen zum Privacy Shield-Programm finden Sie auf den Seiten der Datenschutzbeh\u00f6rde: <a href=\"http:\/\/azop.hr\/aktualno\/detaljnije\/vodic-za-gradane-eu-sad-stit-privatnosti\">http:\/\/azop.hr\/aktualno\/detaljnije\/vodic-za-gradane-eu-sad-stit-privatnosti<\/a><\/p>\n<p>&nbsp;<\/p>\n<p><strong>Soziale Netzwerke<\/strong><br \/>In der Kommunikation mit Ihnen verwenden wir auch soziale Netzwerke. Wenn Sie diese Funktionen nutzen, m\u00fcssen Sie sich bewusst sein, dass alle Informationen, die Sie bereitstellen, einschlie\u00dflich Ihres Namens, Standorts und Ihrer E-Mail-Adresse, m\u00f6glicherweise f\u00fcr andere \u00f6ffentlich zug\u00e4nglich sind. Wir sind nicht verantwortlich f\u00fcr Informationen, die Sie \u00fcber diese interaktiven Inhalte bereitgestellt haben, und empfehlen Ihnen, keine sensiblen pers\u00f6nlichen Informationen (wie Daten zu Ihrer Gesundheit oder Kreditkarte) \u00fcber diese Inhalte preiszugeben. Wenn Sie diese Inhalte nutzen, k\u00f6nnen Ihre pers\u00f6nlichen Informationen auf der Seite verbleiben, selbst nachdem Sie diese nicht mehr nutzen.   <\/p>\n<p>&nbsp;<\/p>\n<p>Letzte \u00dcberpr\u00fcfung: 21.10.2024.<\/p>\n<p>[\/et_pb_text][\/et_pb_column][\/et_pb_row][\/et_pb_section][et_pb_section fb_built=&#8220;1&#8243; disabled_on=&#8220;off|off|off&#8220; _builder_version=&#8220;4.17.3&#8243; _module_preset=&#8220;default&#8220; background_color=&#8220;gcid-b9977658-4716-4f1b-8f0f-15b61fc8dfd9&#8243; background_image=&#8220;https:\/\/www.metallis.hr\/wp-content\/uploads\/2024\/08\/corner-dots-left-top-light.png&#8220; background_size=&#8220;initial&#8220; background_position=&#8220;top_left&#8220; border_width_left=&#8220;10px&#8220; border_color_left=&#8220;gcid-7ce7b00a-a0f7-4559-8af2-0adef5afd391&#8243; global_module=&#8220;21129&#8243; saved_tabs=&#8220;all&#8220; global_colors_info=&#8220;{%22gcid-b9977658-4716-4f1b-8f0f-15b61fc8dfd9%22:%91%22background_color%22%93,%22gcid-7ce7b00a-a0f7-4559-8af2-0adef5afd391%22:%91%22border_color_left%22%93}&#8220;][et_pb_row _builder_version=&#8220;4.17.3&#8243; _module_preset=&#8220;default&#8220; global_colors_info=&#8220;{}&#8220;][et_pb_column type=&#8220;4_4&#8243; _builder_version=&#8220;4.17.3&#8243; _module_preset=&#8220;default&#8220; global_colors_info=&#8220;{}&#8220;][et_pb_text _builder_version=&#8220;4.27.0&#8243; _module_preset=&#8220;default&#8220; text_font=&#8220;|700||on|||||&#8220; text_text_color=&#8220;gcid-7ce7b00a-a0f7-4559-8af2-0adef5afd391&#8243; text_font_size=&#8220;15px&#8220; text_orientation=&#8220;center&#8220; custom_margin=&#8220;||2px|2px|false|false&#8220; global_colors_info=&#8220;{%22gcid-7ce7b00a-a0f7-4559-8af2-0adef5afd391%22:%91%22text_text_color%22%93}&#8220;]<\/p>\n<p>LASSEN SIE UNS VERBINDEN<\/p>\n<p>[\/et_pb_text][et_pb_text _builder_version=&#8220;4.27.0&#8243; _module_preset=&#8220;default&#8220; header_2_text_align=&#8220;center&#8220; header_2_text_color=&#8220;#FFFFFF&#8220; custom_margin=&#8220;||5px||false|false&#8220; global_colors_info=&#8220;{}&#8220;]<\/p>\n<h2>Haben Sie Fragen?<\/h2>\n<p>[\/et_pb_text][et_pb_text _builder_version=&#8220;4.27.0&#8243; _module_preset=&#8220;default&#8220; text_font=&#8220;|300|||||||&#8220; text_text_color=&#8220;rgba(255,255,255,0.6)&#8220; text_font_size=&#8220;16px&#8220; text_line_height=&#8220;1.6em&#8220; text_orientation=&#8220;center&#8220; width=&#8220;50%&#8220; width_tablet=&#8220;100%&#8220; width_phone=&#8220;&#8220; width_last_edited=&#8220;on|tablet&#8220; module_alignment=&#8220;center&#8220; global_colors_info=&#8220;{}&#8220;]<\/p>\n<p><span>Kontaktieren Sie uns, damit wir ausf\u00fchrlich \u00fcber Ihre Bed\u00fcrfnisse sprechen und die optimale L\u00f6sung f\u00fcr Ihr Projekt anbieten k\u00f6nnen. Unser Expertenteam steht Ihnen f\u00fcr Beratungen, technische Ratschl\u00e4ge und die Vereinbarung aller Details zur Verf\u00fcgung.  <\/span><\/p>\n<p>[\/et_pb_text][et_pb_button button_url=&#8220;mailto:%20info@metallis.hr&#8220; url_new_window=&#8220;on&#8220; button_text=&#8220;Kontaktieren Sie uns&#8220; button_alignment=&#8220;center&#8220; _builder_version=&#8220;4.27.0&#8243; _module_preset=&#8220;default&#8220; custom_button=&#8220;on&#8220; button_text_size=&#8220;16px&#8220; button_text_color=&#8220;#FFFFFF&#8220; button_bg_color=&#8220;gcid-7ce7b00a-a0f7-4559-8af2-0adef5afd391&#8243; button_border_width=&#8220;0px&#8220; button_font=&#8220;|600|||||||&#8220; button_use_icon=&#8220;off&#8220; global_colors_info=&#8220;{%22gcid-2eb85268-1f51-4f24-a4be-13bed7ca8ff6%22:%91%22button_bg_color__hover%22%93,%22gcid-7ce7b00a-a0f7-4559-8af2-0adef5afd391%22:%91%22button_bg_color%22%93}&#8220; button_bg_color__hover_enabled=&#8220;on|desktop&#8220; button_bg_color__hover=&#8220;#c65108&#8243; button_bg_enable_color__hover=&#8220;on&#8220;][\/et_pb_button][\/et_pb_column][\/et_pb_row][\/et_pb_section]<\/p>\n","protected":false},"excerpt":{"rendered":"<p>Datenschutzerkl\u00e4rungIhre Privatsph\u00e4re und Sicherheit sind uns wichtig.Daher erfolgen alle unsere Handlungen im Einklang mit den gesetzlichen Bestimmungen zum Schutz personenbezogener Daten, insbesondere der neuen europ\u00e4ischen Datenschutz-Grundverordnung (EU) 2016\/679, die seit dem 25. Mai 2018 in Kraft ist. Im Folgenden informieren wir Sie dar\u00fcber, zu welchen Zwecken wir Ihre pers\u00f6nlichen Daten erheben und nutzen, wie wir [&hellip;]<\/p>\n","protected":false},"author":1,"featured_media":0,"parent":0,"menu_order":0,"comment_status":"closed","ping_status":"closed","template":"","meta":{"_et_pb_use_builder":"on","_et_pb_old_content":"","_et_gb_content_width":"","footnotes":""},"class_list":["post-21968","page","type-page","status-publish","hentry"],"_links":{"self":[{"href":"https:\/\/www.metallis.hr\/de\/wp-json\/wp\/v2\/pages\/21968","targetHints":{"allow":["GET"]}}],"collection":[{"href":"https:\/\/www.metallis.hr\/de\/wp-json\/wp\/v2\/pages"}],"about":[{"href":"https:\/\/www.metallis.hr\/de\/wp-json\/wp\/v2\/types\/page"}],"author":[{"embeddable":true,"href":"https:\/\/www.metallis.hr\/de\/wp-json\/wp\/v2\/users\/1"}],"replies":[{"embeddable":true,"href":"https:\/\/www.metallis.hr\/de\/wp-json\/wp\/v2\/comments?post=21968"}],"version-history":[{"count":3,"href":"https:\/\/www.metallis.hr\/de\/wp-json\/wp\/v2\/pages\/21968\/revisions"}],"predecessor-version":[{"id":21973,"href":"https:\/\/www.metallis.hr\/de\/wp-json\/wp\/v2\/pages\/21968\/revisions\/21973"}],"wp:attachment":[{"href":"https:\/\/www.metallis.hr\/de\/wp-json\/wp\/v2\/media?parent=21968"}],"curies":[{"name":"wp","href":"https:\/\/api.w.org\/{rel}","templated":true}]}}