{"id":21974,"date":"2024-10-20T16:34:30","date_gmt":"2024-10-20T16:34:30","guid":{"rendered":"https:\/\/www.metallis.hr\/izrada-i-montaza-pogona-za-proizvodnju-cipova\/"},"modified":"2024-10-24T11:55:08","modified_gmt":"2024-10-24T11:55:08","slug":"izrada-i-montaza-pogona-za-proizvodnju-cipova","status":"publish","type":"page","link":"https:\/\/www.metallis.hr\/de\/izrada-i-montaza-pogona-za-proizvodnju-cipova\/","title":{"rendered":"Herstellung und Montage von Anlagen zur Chip-Produktion"},"content":{"rendered":"<p>[et_pb_section fb_built=&#8220;1&#8243; _builder_version=&#8220;4.27.0&#8243; _module_preset=&#8220;default&#8220; use_background_color_gradient=&#8220;on&#8220; background_color_gradient_direction=&#8220;45deg&#8220; background_color_gradient_stops=&#8220;rgba(0,0,0,0.6) 0%|rgba(0,0,0,0.6) 100%&#8220; background_color_gradient_overlays_image=&#8220;on&#8220; background_image=&#8220;https:\/\/www.metallis.hr\/wp-content\/uploads\/2024\/08\/metallis-slider-1.webp&#8220; global_colors_info=&#8220;{}&#8220;][et_pb_row _builder_version=&#8220;4.17.3&#8243; _module_preset=&#8220;default&#8220; custom_padding=&#8220;||0px||false|false&#8220; global_colors_info=&#8220;{}&#8220;][et_pb_column type=&#8220;4_4&#8243; _builder_version=&#8220;4.17.3&#8243; _module_preset=&#8220;default&#8220; global_colors_info=&#8220;{}&#8220;][et_pb_text _builder_version=&#8220;4.27.0&#8243; _module_preset=&#8220;default&#8220; text_font=&#8220;|700||on|||||&#8220; text_text_color=&#8220;gcid-7ce7b00a-a0f7-4559-8af2-0adef5afd391&#8243; text_font_size=&#8220;15px&#8220; custom_margin=&#8220;||2px|2px|false|false&#8220; hover_enabled=&#8220;0&#8243; global_colors_info=&#8220;{%22gcid-7ce7b00a-a0f7-4559-8af2-0adef5afd391%22:%91%22text_text_color%22%93}&#8220; sticky_enabled=&#8220;0&#8243;]<\/p>\n<p>Industrielle Rohrleitungen<\/p>\n<p>[\/et_pb_text][et_pb_text _builder_version=&#8220;4.27.0&#8243; _module_preset=&#8220;default&#8220; header_font=&#8220;||||||||&#8220; header_text_color=&#8220;#FFFFFF&#8220; header_font_size=&#8220;60px&#8220; header_2_text_color=&#8220;#FFFFFF&#8220; custom_margin=&#8220;||0px||false|false&#8220; hover_enabled=&#8220;0&#8243; global_colors_info=&#8220;{}&#8220; sticky_enabled=&#8220;0&#8243;]<\/p>\n<h1>Rohrleitungen f\u00fcr Heizung und K\u00fchlung<\/h1>\n<p>[\/et_pb_text][\/et_pb_column][\/et_pb_row][et_pb_row _builder_version=&#8220;4.17.3&#8243; _module_preset=&#8220;default&#8220; custom_padding=&#8220;0px||||false|false&#8220; global_colors_info=&#8220;{}&#8220;][et_pb_column type=&#8220;4_4&#8243; _builder_version=&#8220;4.17.3&#8243; _module_preset=&#8220;default&#8220; global_colors_info=&#8220;{}&#8220;][et_pb_divider color=&#8220;gcid-7ce7b00a-a0f7-4559-8af2-0adef5afd391&#8243; _builder_version=&#8220;4.17.3&#8243; _module_preset=&#8220;default&#8220; height=&#8220;0px&#8220; custom_margin=&#8220;||0px||false|false&#8220; custom_padding=&#8220;||||false|false&#8220; global_colors_info=&#8220;{%22gcid-7ce7b00a-a0f7-4559-8af2-0adef5afd391%22:%91%22border_color_right%22,%22color%22%93}&#8220;][\/et_pb_divider][et_pb_divider show_divider=&#8220;off&#8220; admin_label=&#8220;Point right bottom&#8220; module_class=&#8220;dot-right-bottom sub-page-dot&#8220; _builder_version=&#8220;4.17.3&#8243; _module_preset=&#8220;default&#8220; height=&#8220;25px&#8220; border_width_right=&#8220;1px&#8220; border_color_right=&#8220;gcid-7ce7b00a-a0f7-4559-8af2-0adef5afd391&#8243; global_colors_info=&#8220;{%22gcid-7ce7b00a-a0f7-4559-8af2-0adef5afd391%22:%91%22border_color_right%22%93}&#8220;][\/et_pb_divider][\/et_pb_column][\/et_pb_row][\/et_pb_section][et_pb_section fb_built=&#8220;1&#8243; _builder_version=&#8220;4.17.3&#8243; _module_preset=&#8220;default&#8220; custom_padding=&#8220;||0px||false|false&#8220; global_colors_info=&#8220;{}&#8220;][et_pb_row column_structure=&#8220;1_3,1_3,1_3&#8243; _builder_version=&#8220;4.17.3&#8243; _module_preset=&#8220;default&#8220; global_colors_info=&#8220;{}&#8220;][et_pb_column type=&#8220;1_3&#8243; _builder_version=&#8220;4.17.3&#8243; _module_preset=&#8220;default&#8220; global_colors_info=&#8220;{}&#8220;][et_pb_blurb title=&#8220;Kunde&#8220; use_icon=&#8220;on&#8220; font_icon=&#8220;&#xf1ad;||fa||900&#8243; icon_color=&#8220;gcid-7ce7b00a-a0f7-4559-8af2-0adef5afd391&#8243; icon_placement=&#8220;left&#8220; _builder_version=&#8220;4.27.0&#8243; _module_preset=&#8220;default&#8220; header_text_color=&#8220;gcid-7ce7b00a-a0f7-4559-8af2-0adef5afd391&#8243; header_font_size=&#8220;30px&#8220; body_text_color=&#8220;#000000&#8243; body_font_size=&#8220;18px&#8220; body_line_height=&#8220;1.8em&#8220; body_link_font=&#8220;|700|||||||&#8220; animation=&#8220;off&#8220; global_colors_info=&#8220;{%22gcid-7ce7b00a-a0f7-4559-8af2-0adef5afd391%22:%91%22icon_color%22,%22header_text_color%22%93}&#8220;]<\/p>\n<p>Trumpf, Ditzingen, Njema\u010dka<\/p>\n<p>&nbsp;<\/p>\n<p>[\/et_pb_blurb][\/et_pb_column][et_pb_column type=&#8220;1_3&#8243; _builder_version=&#8220;4.17.3&#8243; _module_preset=&#8220;default&#8220; global_colors_info=&#8220;{}&#8220;][et_pb_blurb title=&#8220;Jahr der Realisierung&#8220; use_icon=&#8220;on&#8220; font_icon=&#8220;&#xf073;||fa||900&#8243; icon_color=&#8220;gcid-7ce7b00a-a0f7-4559-8af2-0adef5afd391&#8243; icon_placement=&#8220;left&#8220; _builder_version=&#8220;4.27.0&#8243; _module_preset=&#8220;default&#8220; header_text_color=&#8220;gcid-7ce7b00a-a0f7-4559-8af2-0adef5afd391&#8243; header_font_size=&#8220;30px&#8220; body_text_color=&#8220;#000000&#8243; body_font_size=&#8220;18px&#8220; body_line_height=&#8220;1.8em&#8220; body_link_font=&#8220;|700|||||||&#8220; animation=&#8220;off&#8220; global_colors_info=&#8220;{%22gcid-7ce7b00a-a0f7-4559-8af2-0adef5afd391%22:%91%22icon_color%22,%22header_text_color%22%93}&#8220;]<\/p>\n<p>2023.\/2024. godina <\/p>\n<p>[\/et_pb_blurb][\/et_pb_column][et_pb_column type=&#8220;1_3&#8243; _builder_version=&#8220;4.17.3&#8243; _module_preset=&#8220;default&#8220; global_colors_info=&#8220;{}&#8220;][et_pb_blurb title=&#8220;Zertifikat&#8220; use_icon=&#8220;on&#8220; font_icon=&#8220;&#xf5bf;||fa||900&#8243; icon_color=&#8220;gcid-7ce7b00a-a0f7-4559-8af2-0adef5afd391&#8243; icon_placement=&#8220;left&#8220; _builder_version=&#8220;4.27.0&#8243; _module_preset=&#8220;default&#8220; header_text_color=&#8220;gcid-7ce7b00a-a0f7-4559-8af2-0adef5afd391&#8243; header_font_size=&#8220;30px&#8220; body_text_color=&#8220;#000000&#8243; body_font_size=&#8220;18px&#8220; body_line_height=&#8220;1.8em&#8220; body_link_font=&#8220;|700|||||||&#8220; animation=&#8220;off&#8220; global_colors_info=&#8220;{%22gcid-7ce7b00a-a0f7-4559-8af2-0adef5afd391%22:%91%22icon_color%22,%22header_text_color%22%93}&#8220;]<\/p>\n<p>EN 3834<\/p>\n<p>[\/et_pb_blurb][\/et_pb_column][\/et_pb_row][\/et_pb_section][et_pb_section fb_built=&#8220;1&#8243; module_id=&#8220;Herausforderung&#8220; _builder_version=&#8220;4.17.3&#8243; _module_preset=&#8220;default&#8220; custom_padding=&#8220;0px||||false|false&#8220; global_colors_info=&#8220;{}&#8220;][et_pb_row _builder_version=&#8220;4.17.3&#8243; _module_preset=&#8220;default&#8220; global_colors_info=&#8220;{}&#8220;][et_pb_column type=&#8220;4_4&#8243; _builder_version=&#8220;4.17.3&#8243; _module_preset=&#8220;default&#8220; global_colors_info=&#8220;{}&#8220;][et_pb_text _builder_version=&#8220;4.27.0&#8243; _module_preset=&#8220;default&#8220; text_font=&#8220;|700||on|||||&#8220; text_text_color=&#8220;gcid-7ce7b00a-a0f7-4559-8af2-0adef5afd391&#8243; text_font_size=&#8220;15px&#8220; custom_margin=&#8220;||2px|2px|false|false&#8220; global_colors_info=&#8220;{%22gcid-7ce7b00a-a0f7-4559-8af2-0adef5afd391%22:%91%22text_text_color%22%93}&#8220;]<\/p>\n<p>REFERENZ<\/p>\n<p>[\/et_pb_text][et_pb_text _builder_version=&#8220;4.27.0&#8243; _module_preset=&#8220;default&#8220; global_colors_info=&#8220;{}&#8220;]<\/p>\n<h2>Projektbeschreibung und durchgef\u00fchrte Arbeiten<\/h2>\n<p>[\/et_pb_text][et_pb_text _builder_version=&#8220;4.27.0&#8243; _module_preset=&#8220;default&#8220; text_font=&#8220;||||||||&#8220; text_font_size=&#8220;18px&#8220; text_line_height=&#8220;1.8em&#8220; hover_enabled=&#8220;0&#8243; global_colors_info=&#8220;{}&#8220; sticky_enabled=&#8220;0&#8243;]<\/p>\n<p>Herstellung, Schwei\u00dfen und Montage eines neuen Werks zur Chipproduktion.<\/p>\n<p>Umfang der Arbeiten: Schneiden, Zusammenbau nach Isometrie, Montage von Rohrleitungen f\u00fcr Heizung und K\u00fchlung aus Edelstahl.<\/p>\n<p>[\/et_pb_text][\/et_pb_column][\/et_pb_row][et_pb_row column_structure=&#8220;1_3,1_3,1_3&#8243; _builder_version=&#8220;4.17.3&#8243; _module_preset=&#8220;default&#8220; global_colors_info=&#8220;{}&#8220;][et_pb_column type=&#8220;1_3&#8243; _builder_version=&#8220;4.17.3&#8243; _module_preset=&#8220;default&#8220; global_colors_info=&#8220;{}&#8220;][et_pb_image src=&#8220;https:\/\/www.metallis.hr\/wp-content\/uploads\/2024\/10\/cjevarija-1.webp&#8220; title_text=&#8220;industrielle-rohrleitungen-1&#8243; _builder_version=&#8220;4.27.0&#8243; _module_preset=&#8220;default&#8220; global_colors_info=&#8220;{}&#8220;][\/et_pb_image][\/et_pb_column][et_pb_column type=&#8220;1_3&#8243; _builder_version=&#8220;4.17.3&#8243; _module_preset=&#8220;default&#8220; global_colors_info=&#8220;{}&#8220;][et_pb_image src=&#8220;https:\/\/www.metallis.hr\/wp-content\/uploads\/2024\/10\/cjevarija-2.webp&#8220; title_text=&#8220;industrielle-rohrleitungen-2&#8243; _builder_version=&#8220;4.27.0&#8243; _module_preset=&#8220;default&#8220; global_colors_info=&#8220;{}&#8220;][\/et_pb_image][\/et_pb_column][et_pb_column type=&#8220;1_3&#8243; _builder_version=&#8220;4.17.3&#8243; _module_preset=&#8220;default&#8220; global_colors_info=&#8220;{}&#8220;][et_pb_image src=&#8220;https:\/\/www.metallis.hr\/wp-content\/uploads\/2024\/10\/cjevarija-3.webp&#8220; title_text=&#8220;industrielle-rohrleitungen-3&#8243; _builder_version=&#8220;4.27.0&#8243; _module_preset=&#8220;default&#8220; locked=&#8220;off&#8220; global_colors_info=&#8220;{}&#8220;][\/et_pb_image][\/et_pb_column][\/et_pb_row][et_pb_row column_structure=&#8220;1_3,1_3,1_3&#8243; _builder_version=&#8220;4.17.3&#8243; _module_preset=&#8220;default&#8220; global_colors_info=&#8220;{}&#8220;][et_pb_column type=&#8220;1_3&#8243; _builder_version=&#8220;4.17.3&#8243; _module_preset=&#8220;default&#8220; global_colors_info=&#8220;{}&#8220;][et_pb_image src=&#8220;https:\/\/www.metallis.hr\/wp-content\/uploads\/2024\/10\/cjevarija-4.webp&#8220; title_text=&#8220;industrielle-rohrleitungen-4&#8243; _builder_version=&#8220;4.27.0&#8243; _module_preset=&#8220;default&#8220; global_colors_info=&#8220;{}&#8220;][\/et_pb_image][\/et_pb_column][et_pb_column type=&#8220;1_3&#8243; _builder_version=&#8220;4.17.3&#8243; _module_preset=&#8220;default&#8220; global_colors_info=&#8220;{}&#8220;][et_pb_image src=&#8220;https:\/\/www.metallis.hr\/wp-content\/uploads\/2024\/10\/cjevarija-5.webp&#8220; title_text=&#8220;industrielle-rohrleitungen-5&#8243; _builder_version=&#8220;4.27.0&#8243; _module_preset=&#8220;default&#8220; global_colors_info=&#8220;{}&#8220;][\/et_pb_image][\/et_pb_column][et_pb_column type=&#8220;1_3&#8243; _builder_version=&#8220;4.17.3&#8243; _module_preset=&#8220;default&#8220; global_colors_info=&#8220;{}&#8220;][et_pb_image src=&#8220;https:\/\/www.metallis.hr\/wp-content\/uploads\/2024\/10\/cjevarija-6.webp&#8220; title_text=&#8220;industrielle-rohrleitungen-6&#8243; _builder_version=&#8220;4.27.0&#8243; _module_preset=&#8220;default&#8220; locked=&#8220;off&#8220; global_colors_info=&#8220;{}&#8220;][\/et_pb_image][\/et_pb_column][\/et_pb_row][\/et_pb_section][et_pb_section fb_built=&#8220;1&#8243; disabled_on=&#8220;off|off|off&#8220; _builder_version=&#8220;4.17.3&#8243; _module_preset=&#8220;default&#8220; background_color=&#8220;gcid-b9977658-4716-4f1b-8f0f-15b61fc8dfd9&#8243; background_image=&#8220;https:\/\/www.metallis.hr\/wp-content\/uploads\/2024\/08\/corner-dots-left-top-light.png&#8220; background_size=&#8220;initial&#8220; background_position=&#8220;top_left&#8220; border_width_left=&#8220;10px&#8220; border_color_left=&#8220;gcid-7ce7b00a-a0f7-4559-8af2-0adef5afd391&#8243; global_module=&#8220;21129&#8243; saved_tabs=&#8220;all&#8220; locked=&#8220;off&#8220; global_colors_info=&#8220;{%22gcid-b9977658-4716-4f1b-8f0f-15b61fc8dfd9%22:%91%22background_color%22%93,%22gcid-7ce7b00a-a0f7-4559-8af2-0adef5afd391%22:%91%22border_color_left%22%93}&#8220;][et_pb_row _builder_version=&#8220;4.17.3&#8243; _module_preset=&#8220;default&#8220; global_colors_info=&#8220;{}&#8220;][et_pb_column type=&#8220;4_4&#8243; _builder_version=&#8220;4.17.3&#8243; _module_preset=&#8220;default&#8220; global_colors_info=&#8220;{}&#8220;][et_pb_text _builder_version=&#8220;4.27.0&#8243; _module_preset=&#8220;default&#8220; text_font=&#8220;|700||on|||||&#8220; text_text_color=&#8220;gcid-7ce7b00a-a0f7-4559-8af2-0adef5afd391&#8243; text_font_size=&#8220;15px&#8220; text_orientation=&#8220;center&#8220; custom_margin=&#8220;||2px|2px|false|false&#8220; global_colors_info=&#8220;{%22gcid-7ce7b00a-a0f7-4559-8af2-0adef5afd391%22:%91%22text_text_color%22%93}&#8220;]<\/p>\n<p>LASSEN SIE UNS VERBINDEN<\/p>\n<p>[\/et_pb_text][et_pb_text _builder_version=&#8220;4.27.0&#8243; _module_preset=&#8220;default&#8220; header_2_text_align=&#8220;center&#8220; header_2_text_color=&#8220;#FFFFFF&#8220; custom_margin=&#8220;||5px||false|false&#8220; global_colors_info=&#8220;{}&#8220;]<\/p>\n<h2>Haben Sie Fragen?<\/h2>\n<p>[\/et_pb_text][et_pb_text _builder_version=&#8220;4.27.0&#8243; _module_preset=&#8220;default&#8220; text_font=&#8220;|300|||||||&#8220; text_text_color=&#8220;rgba(255,255,255,0.6)&#8220; text_font_size=&#8220;16px&#8220; text_line_height=&#8220;1.6em&#8220; text_orientation=&#8220;center&#8220; width=&#8220;50%&#8220; width_tablet=&#8220;100%&#8220; width_phone=&#8220;&#8220; width_last_edited=&#8220;on|tablet&#8220; module_alignment=&#8220;center&#8220; global_colors_info=&#8220;{}&#8220;]<\/p>\n<p><span>Kontaktieren Sie uns, damit wir ausf\u00fchrlich \u00fcber Ihre Bed\u00fcrfnisse sprechen und die optimale L\u00f6sung f\u00fcr Ihr Projekt anbieten k\u00f6nnen. Unser Expertenteam steht Ihnen f\u00fcr Beratungen, technische Ratschl\u00e4ge und die Vereinbarung aller Details zur Verf\u00fcgung.  <\/span><\/p>\n<p>[\/et_pb_text][et_pb_button button_url=&#8220;mailto:%20info@metallis.hr&#8220; url_new_window=&#8220;on&#8220; button_text=&#8220;Kontaktieren Sie uns&#8220; button_alignment=&#8220;center&#8220; _builder_version=&#8220;4.27.0&#8243; _module_preset=&#8220;default&#8220; custom_button=&#8220;on&#8220; button_text_size=&#8220;16px&#8220; button_text_color=&#8220;#FFFFFF&#8220; button_bg_color=&#8220;gcid-7ce7b00a-a0f7-4559-8af2-0adef5afd391&#8243; button_border_width=&#8220;0px&#8220; button_font=&#8220;|600|||||||&#8220; button_use_icon=&#8220;off&#8220; global_colors_info=&#8220;{%22gcid-2eb85268-1f51-4f24-a4be-13bed7ca8ff6%22:%91%22button_bg_color__hover%22%93,%22gcid-7ce7b00a-a0f7-4559-8af2-0adef5afd391%22:%91%22button_bg_color%22%93}&#8220; button_bg_color__hover_enabled=&#8220;on|desktop&#8220; button_bg_color__hover=&#8220;#c65108&#8243; button_bg_enable_color__hover=&#8220;on&#8220;][\/et_pb_button][\/et_pb_column][\/et_pb_row][\/et_pb_section]<\/p>\n","protected":false},"excerpt":{"rendered":"<p>Industrielle RohrleitungenRohrleitungen f\u00fcr Heizung und K\u00fchlungTrumpf, Ditzingen, Njema\u010dka &nbsp;2023.\/2024. godina EN 3834REFERENZProjektbeschreibung und durchgef\u00fchrte ArbeitenHerstellung, Schwei\u00dfen und Montage eines neuen Werks zur Chipproduktion. Umfang der Arbeiten: Schneiden, Zusammenbau nach Isometrie, Montage von Rohrleitungen f\u00fcr Heizung und K\u00fchlung aus Edelstahl.LASSEN SIE UNS VERBINDENHaben Sie Fragen?Kontaktieren Sie uns, damit wir ausf\u00fchrlich \u00fcber Ihre Bed\u00fcrfnisse sprechen und die [&hellip;]<\/p>\n","protected":false},"author":2,"featured_media":0,"parent":0,"menu_order":0,"comment_status":"closed","ping_status":"closed","template":"","meta":{"_et_pb_use_builder":"on","_et_pb_old_content":"","_et_gb_content_width":"","footnotes":""},"class_list":["post-21974","page","type-page","status-publish","hentry"],"_links":{"self":[{"href":"https:\/\/www.metallis.hr\/de\/wp-json\/wp\/v2\/pages\/21974","targetHints":{"allow":["GET"]}}],"collection":[{"href":"https:\/\/www.metallis.hr\/de\/wp-json\/wp\/v2\/pages"}],"about":[{"href":"https:\/\/www.metallis.hr\/de\/wp-json\/wp\/v2\/types\/page"}],"author":[{"embeddable":true,"href":"https:\/\/www.metallis.hr\/de\/wp-json\/wp\/v2\/users\/2"}],"replies":[{"embeddable":true,"href":"https:\/\/www.metallis.hr\/de\/wp-json\/wp\/v2\/comments?post=21974"}],"version-history":[{"count":3,"href":"https:\/\/www.metallis.hr\/de\/wp-json\/wp\/v2\/pages\/21974\/revisions"}],"predecessor-version":[{"id":21979,"href":"https:\/\/www.metallis.hr\/de\/wp-json\/wp\/v2\/pages\/21974\/revisions\/21979"}],"wp:attachment":[{"href":"https:\/\/www.metallis.hr\/de\/wp-json\/wp\/v2\/media?parent=21974"}],"curies":[{"name":"wp","href":"https:\/\/api.w.org\/{rel}","templated":true}]}}