{"id":22016,"date":"2024-10-21T11:23:24","date_gmt":"2024-10-21T11:23:24","guid":{"rendered":"https:\/\/www.metallis.hr\/upotreba-kolacica\/"},"modified":"2024-10-24T13:07:49","modified_gmt":"2024-10-24T13:07:49","slug":"upotreba-kolacica","status":"publish","type":"page","link":"https:\/\/www.metallis.hr\/de\/upotreba-kolacica\/","title":{"rendered":"Verwendung von Cookies"},"content":{"rendered":"<p>[et_pb_section fb_built=&#8220;1&#8243; _builder_version=&#8220;4.27.0&#8243; _module_preset=&#8220;default&#8220; use_background_color_gradient=&#8220;on&#8220; background_color_gradient_direction=&#8220;45deg&#8220; background_color_gradient_stops=&#8220;rgba(0,0,0,0.6) 0%|rgba(0,0,0,0.6) 100%&#8220; background_color_gradient_overlays_image=&#8220;on&#8220; background_image=&#8220;https:\/\/www.metallis.hr\/wp-content\/uploads\/2024\/08\/metallis-slider-1.webp&#8220; global_colors_info=&#8220;{}&#8220;][et_pb_row _builder_version=&#8220;4.17.3&#8243; _module_preset=&#8220;default&#8220; custom_padding=&#8220;||0px||false|false&#8220; global_colors_info=&#8220;{}&#8220;][et_pb_column type=&#8220;4_4&#8243; _builder_version=&#8220;4.17.3&#8243; _module_preset=&#8220;default&#8220; global_colors_info=&#8220;{}&#8220;][et_pb_text _builder_version=&#8220;4.27.2&#8243; _module_preset=&#8220;default&#8220; header_font=&#8220;||||||||&#8220; header_text_color=&#8220;#FFFFFF&#8220; header_font_size=&#8220;60px&#8220; header_2_text_color=&#8220;#FFFFFF&#8220; custom_margin=&#8220;||0px||false|false&#8220; hover_enabled=&#8220;0&#8243; global_colors_info=&#8220;{}&#8220; sticky_enabled=&#8220;0&#8243;]<\/p>\n<h1>Verwendung von Cookies<\/h1>\n<p>[\/et_pb_text][\/et_pb_column][\/et_pb_row][et_pb_row _builder_version=&#8220;4.17.3&#8243; _module_preset=&#8220;default&#8220; custom_padding=&#8220;0px||||false|false&#8220; global_colors_info=&#8220;{}&#8220;][et_pb_column type=&#8220;4_4&#8243; _builder_version=&#8220;4.17.3&#8243; _module_preset=&#8220;default&#8220; global_colors_info=&#8220;{}&#8220;][et_pb_divider color=&#8220;gcid-7ce7b00a-a0f7-4559-8af2-0adef5afd391&#8243; _builder_version=&#8220;4.17.3&#8243; _module_preset=&#8220;default&#8220; height=&#8220;0px&#8220; custom_margin=&#8220;||0px||false|false&#8220; custom_padding=&#8220;||||false|false&#8220; global_colors_info=&#8220;{%22gcid-7ce7b00a-a0f7-4559-8af2-0adef5afd391%22:%91%22border_color_right%22,%22color%22%93}&#8220;][\/et_pb_divider][et_pb_divider show_divider=&#8220;off&#8220; admin_label=&#8220;Point right bottom&#8220; module_class=&#8220;dot-right-bottom sub-page-dot&#8220; _builder_version=&#8220;4.17.3&#8243; _module_preset=&#8220;default&#8220; height=&#8220;25px&#8220; border_width_right=&#8220;1px&#8220; border_color_right=&#8220;gcid-7ce7b00a-a0f7-4559-8af2-0adef5afd391&#8243; global_colors_info=&#8220;{%22gcid-7ce7b00a-a0f7-4559-8af2-0adef5afd391%22:%91%22border_color_right%22%93}&#8220;][\/et_pb_divider][\/et_pb_column][\/et_pb_row][\/et_pb_section][et_pb_section fb_built=&#8220;1&#8243; _builder_version=&#8220;4.17.3&#8243; _module_preset=&#8220;default&#8220; background_image=&#8220;https:\/\/www.metallis.hr\/wp-content\/uploads\/2024\/08\/corner-dots-right-top.png&#8220; background_size=&#8220;initial&#8220; background_position=&#8220;top_right&#8220; global_colors_info=&#8220;{}&#8220;][et_pb_row _builder_version=&#8220;4.17.3&#8243; _module_preset=&#8220;default&#8220; global_colors_info=&#8220;{}&#8220;][et_pb_column type=&#8220;4_4&#8243; _builder_version=&#8220;4.17.3&#8243; _module_preset=&#8220;default&#8220; global_colors_info=&#8220;{}&#8220;][et_pb_text _builder_version=&#8220;4.27.2&#8243; _module_preset=&#8220;default&#8220; header_2_text_align=&#8220;center&#8220; hover_enabled=&#8220;0&#8243; global_colors_info=&#8220;{}&#8220; sticky_enabled=&#8220;0&#8243;]<\/p>\n<p><strong>NUTZERDATENSCHUTZ<\/strong><br \/>Um sicherzustellen, dass diese Website ordnungsgem\u00e4\u00df funktioniert und um weitere Verbesserungen der Seite vorzunehmen, m\u00fcssen wir eine kleine Menge an Informationen (Cookies) auf Ihrem Computer speichern, um das Surferlebnis zu verbessern. Durch die Nutzung der Website stimmen Sie der Verwendung von Cookies zu. Wenn Sie Cookies blockieren, k\u00f6nnen Sie die Seite weiterhin durchsuchen, jedoch werden Ihnen einige Funktionen m\u00f6glicherweise nicht zur Verf\u00fcgung stehen.  <\/p>\n<p><strong>WAS IST EIN COOKIE?<\/strong><br \/>Ein Cookie ist eine Information, die von der von Ihnen besuchten Website auf Ihrem Computer gespeichert wird. Cookies speichern in der Regel Ihre Einstellungen f\u00fcr eine bestimmte Website, wie z.B. die bevorzugte Sprache, damit beim n\u00e4chsten Besuch derselben Website der Internetbrowser die zugeh\u00f6rigen Cookies zur\u00fccksendet. Dies erm\u00f6glicht es der Website, Informationen anzuzeigen, die auf Ihre Bed\u00fcrfnisse zugeschnitten sind.<br \/>Cookies k\u00f6nnen eine breite Palette von Informationen speichern, einschlie\u00dflich pers\u00f6nlicher Daten wie Name oder E-Mail-Adresse. Diese Informationen k\u00f6nnen jedoch nur gespeichert werden, wenn Sie dies zulassen \u2013 Websites k\u00f6nnen nicht auf Informationen zugreifen, die Sie ihnen nicht gegeben haben, und sie k\u00f6nnen nicht auf andere Dateien auf Ihrem Computer zugreifen. Die Standardaktivit\u00e4ten zum Speichern und Senden von Cookies sind f\u00fcr Sie nicht sichtbar. Zudem k\u00f6nnen Sie in den Einstellungen Ihres Internetbrowsers \u00e4ndern, ob Sie Anfragen zum Speichern von Cookies ablehnen oder genehmigen m\u00f6chten, ob gespeicherte Cookies beim Schlie\u00dfen des Browsers automatisch gel\u00f6scht werden sollen und \u00c4hnliches.      <\/p>\n<p><strong>WIE MAN COOKIES DEAKTIVIERT<\/strong><br \/>Durch das Deaktivieren von Cookies entscheiden Sie, ob Sie das Speichern von Cookies auf Ihrem Computer zulassen m\u00f6chten. Die Cookie-Einstellungen k\u00f6nnen im Webbrowser kontrolliert und konfiguriert werden. Um Informationen zu den Cookie-Einstellungen zu erhalten, w\u00e4hlen Sie bitte den von Ihnen verwendeten Webbrowser aus:<br \/>Chrome<br \/>Firefox<br \/>Internet Explorer 9<br \/>Internet Explorer 7 und 8<br \/>Opera<br \/>Safari  <\/p>\n<p><strong>WAS SIND SESSION-COOKIES?<\/strong><br \/>Session-Cookies werden nach dem Schlie\u00dfen des Webbrowsers vom Computer entfernt. Mit ihnen speichern Websites tempor\u00e4re Daten. <\/p>\n<p><strong>WAS SIND PERMANENTE COOKIES?<\/strong><br \/>St\u00e4ndige oder gespeicherte Cookies bleiben auf dem Computer, nachdem das Internetbrowser-Programm geschlossen wurde. Mit ihnen speichern Websites Daten wie Benutzernamen und Passw\u00f6rter, sodass Sie sich bei jedem Besuch einer bestimmten Seite nicht erneut anmelden m\u00fcssen. St\u00e4ndige Cookies verbleiben Tage, Monate oder sogar Jahre auf dem Computer.  <\/p>\n<p><strong>WAS SIND ERSTE-SESSE-COOKIES<\/strong><br \/>Erste-Party-Cookies stammen von der Website, die Sie besuchen, und k\u00f6nnen dauerhaft oder tempor\u00e4r sein. Mit diesen Cookies k\u00f6nnen Websites Daten speichern, die bei einem zuk\u00fcnftigen Besuch dieser Website wiederverwendet werden. <\/p>\n<p><strong>WAS SIND COOKIES VON DRITTANBIETERN?<\/strong><br \/>Cookies von Drittanbietern stammen von Anzeigen anderer Websites (wie Pop-up- oder andere Anzeigen), die auf der von Ihnen besuchten Website angezeigt werden. Mithilfe dieser Cookies k\u00f6nnen Websites die Internetnutzung zu Marketingzwecken verfolgen. <\/p>\n<p><strong>VERWENDET METALLIS.HR COOKIES?<\/strong><br \/>Metallis.hr verwendet Cookies, um ein besseres Nutzererlebnis zu erm\u00f6glichen.<\/p>\n<p><strong>WELCHE COOKIES VERWENDET METALLIS.HR UND WARUM?<\/strong><br \/>Auf unserer Webseite verwenden wir notwendige Cookies, um bestimmte technische Funktionen zu erm\u00f6glichen und Ihnen ein positives Nutzererlebnis zu bieten. Wir nutzen auch analytische Cookies, die uns die Webanalyse erm\u00f6glichen, d.h. die Analyse der Nutzung unserer Seiten, die wir durchf\u00fchren, um die Qualit\u00e4t und den Inhalt unserer angebotenen Dienstleistungen zu verbessern.<br \/>Akzeptanz der Cookie-Nachricht<br \/>Metallis.hr verwendet ein First-Party-Cookie zur Akzeptanz der Cookie-Nachricht cookie_notice_accepted.<br \/>Kontaktformular<br \/>Dar\u00fcber hinaus verf\u00fcgt die Seite unter dem Link https:\/\/www.metallis.hr\/ \u00fcber ein Kontaktformular, \u00fcber das die Daten an die E-Mail-Adresse <a href=\"mailto:info@metalis.hr\">info@metalis.hr<\/a> weitergeleitet werden.  <\/p>\n<p><strong>ZUS\u00c4TZLICHE INFORMATIONEN ZUM AUSSCHLUSS VON COOKIES<\/strong><br \/>Derzeit gibt es mehrere Webseiten, um die Speicherung von Cookies f\u00fcr verschiedene Dienste auszuschlie\u00dfen.<br \/>Weitere Informationen finden Sie unter den folgenden Links:<br \/>http:\/\/www.allaboutcookies.org\/<br \/>http:\/\/www.youronlinechoices.eu\/<br \/>http:\/\/www.aboutads.info\/choices\/<\/p>\n<p>[\/et_pb_text][\/et_pb_column][\/et_pb_row][\/et_pb_section][et_pb_section fb_built=&#8220;1&#8243; disabled_on=&#8220;off|off|off&#8220; _builder_version=&#8220;4.17.3&#8243; _module_preset=&#8220;default&#8220; background_color=&#8220;gcid-b9977658-4716-4f1b-8f0f-15b61fc8dfd9&#8243; background_image=&#8220;https:\/\/www.metallis.hr\/wp-content\/uploads\/2024\/08\/corner-dots-left-top-light.png&#8220; background_size=&#8220;initial&#8220; background_position=&#8220;top_left&#8220; border_width_left=&#8220;10px&#8220; border_color_left=&#8220;gcid-7ce7b00a-a0f7-4559-8af2-0adef5afd391&#8243; global_module=&#8220;21129&#8243; saved_tabs=&#8220;all&#8220; global_colors_info=&#8220;{%22gcid-b9977658-4716-4f1b-8f0f-15b61fc8dfd9%22:%91%22background_color%22%93,%22gcid-7ce7b00a-a0f7-4559-8af2-0adef5afd391%22:%91%22border_color_left%22%93}&#8220;][et_pb_row _builder_version=&#8220;4.17.3&#8243; _module_preset=&#8220;default&#8220; global_colors_info=&#8220;{}&#8220;][et_pb_column type=&#8220;4_4&#8243; _builder_version=&#8220;4.17.3&#8243; _module_preset=&#8220;default&#8220; global_colors_info=&#8220;{}&#8220;][et_pb_text _builder_version=&#8220;4.27.0&#8243; _module_preset=&#8220;default&#8220; text_font=&#8220;|700||on|||||&#8220; text_text_color=&#8220;gcid-7ce7b00a-a0f7-4559-8af2-0adef5afd391&#8243; text_font_size=&#8220;15px&#8220; text_orientation=&#8220;center&#8220; custom_margin=&#8220;||2px|2px|false|false&#8220; global_colors_info=&#8220;{%22gcid-7ce7b00a-a0f7-4559-8af2-0adef5afd391%22:%91%22text_text_color%22%93}&#8220;]<\/p>\n<p>LASSEN SIE UNS VERBINDEN<\/p>\n<p>[\/et_pb_text][et_pb_text _builder_version=&#8220;4.27.0&#8243; _module_preset=&#8220;default&#8220; header_2_text_align=&#8220;center&#8220; header_2_text_color=&#8220;#FFFFFF&#8220; custom_margin=&#8220;||5px||false|false&#8220; global_colors_info=&#8220;{}&#8220;]<\/p>\n<h2>Haben Sie Fragen?<\/h2>\n<p>[\/et_pb_text][et_pb_text _builder_version=&#8220;4.27.0&#8243; _module_preset=&#8220;default&#8220; text_font=&#8220;|300|||||||&#8220; text_text_color=&#8220;rgba(255,255,255,0.6)&#8220; text_font_size=&#8220;16px&#8220; text_line_height=&#8220;1.6em&#8220; text_orientation=&#8220;center&#8220; width=&#8220;50%&#8220; width_tablet=&#8220;100%&#8220; width_phone=&#8220;&#8220; width_last_edited=&#8220;on|tablet&#8220; module_alignment=&#8220;center&#8220; global_colors_info=&#8220;{}&#8220;]<\/p>\n<p><span>Kontaktieren Sie uns, damit wir ausf\u00fchrlich \u00fcber Ihre Bed\u00fcrfnisse sprechen und die optimale L\u00f6sung f\u00fcr Ihr Projekt anbieten k\u00f6nnen. Unser Expertenteam steht Ihnen f\u00fcr Beratungen, technische Ratschl\u00e4ge und die Vereinbarung aller Details zur Verf\u00fcgung. <\/span><\/p>\n<p>[\/et_pb_text][et_pb_button button_url=&#8220;mailto:%20info@metallis.hr&#8220; url_new_window=&#8220;on&#8220; button_text=&#8220;Kontaktieren Sie uns&#8220; button_alignment=&#8220;center&#8220; _builder_version=&#8220;4.27.0&#8243; _module_preset=&#8220;default&#8220; custom_button=&#8220;on&#8220; button_text_size=&#8220;16px&#8220; button_text_color=&#8220;#FFFFFF&#8220; button_bg_color=&#8220;gcid-7ce7b00a-a0f7-4559-8af2-0adef5afd391&#8243; button_border_width=&#8220;0px&#8220; button_font=&#8220;|600|||||||&#8220; button_use_icon=&#8220;off&#8220; global_colors_info=&#8220;{%22gcid-2eb85268-1f51-4f24-a4be-13bed7ca8ff6%22:%91%22button_bg_color__hover%22%93,%22gcid-7ce7b00a-a0f7-4559-8af2-0adef5afd391%22:%91%22button_bg_color%22%93}&#8220; button_bg_color__hover_enabled=&#8220;on|desktop&#8220; button_bg_color__hover=&#8220;#c65108&#8243; button_bg_enable_color__hover=&#8220;on&#8220;][\/et_pb_button][\/et_pb_column][\/et_pb_row][\/et_pb_section]<\/p>\n","protected":false},"excerpt":{"rendered":"<p>Verwendung von CookiesNUTZERDATENSCHUTZUm sicherzustellen, dass diese Website ordnungsgem\u00e4\u00df funktioniert und um weitere Verbesserungen der Seite vorzunehmen, m\u00fcssen wir eine kleine Menge an Informationen (Cookies) auf Ihrem Computer speichern, um das Surferlebnis zu verbessern. Durch die Nutzung der Website stimmen Sie der Verwendung von Cookies zu. Wenn Sie Cookies blockieren, k\u00f6nnen Sie die Seite weiterhin durchsuchen, [&hellip;]<\/p>\n","protected":false},"author":1,"featured_media":0,"parent":0,"menu_order":0,"comment_status":"closed","ping_status":"closed","template":"","meta":{"_et_pb_use_builder":"on","_et_pb_old_content":"","_et_gb_content_width":"","footnotes":""},"class_list":["post-22016","page","type-page","status-publish","hentry"],"_links":{"self":[{"href":"https:\/\/www.metallis.hr\/de\/wp-json\/wp\/v2\/pages\/22016","targetHints":{"allow":["GET"]}}],"collection":[{"href":"https:\/\/www.metallis.hr\/de\/wp-json\/wp\/v2\/pages"}],"about":[{"href":"https:\/\/www.metallis.hr\/de\/wp-json\/wp\/v2\/types\/page"}],"author":[{"embeddable":true,"href":"https:\/\/www.metallis.hr\/de\/wp-json\/wp\/v2\/users\/1"}],"replies":[{"embeddable":true,"href":"https:\/\/www.metallis.hr\/de\/wp-json\/wp\/v2\/comments?post=22016"}],"version-history":[{"count":3,"href":"https:\/\/www.metallis.hr\/de\/wp-json\/wp\/v2\/pages\/22016\/revisions"}],"predecessor-version":[{"id":22021,"href":"https:\/\/www.metallis.hr\/de\/wp-json\/wp\/v2\/pages\/22016\/revisions\/22021"}],"wp:attachment":[{"href":"https:\/\/www.metallis.hr\/de\/wp-json\/wp\/v2\/media?parent=22016"}],"curies":[{"name":"wp","href":"https:\/\/api.w.org\/{rel}","templated":true}]}}